{"id":439,"date":"2017-03-10T13:37:03","date_gmt":"2017-03-10T18:37:03","guid":{"rendered":"http:\/\/www.chooseyourvoice.ca\/?page_id=439\/"},"modified":"2021-05-13T13:51:12","modified_gmt":"2021-05-13T17:51:12","slug":"politique-de-confidentialite","status":"publish","type":"page","link":"https:\/\/www.chooseyourvoice.ca\/fr\/politique-de-confidentialite\/","title":{"rendered":"Politique de confidentialit\u00e9"},"content":{"rendered":"\n<h1 class=\"wp-block-heading\">POLITIQUE DE CONFIDENTIALIT\u00c9 EN LIGNE ET MOBILE<\/h1>\n\n\n\n<h2 class=\"wp-block-heading\">L\u2019UTILISATION DES OUTILS INTERNET SUR LE SITE WEB DE <em>Choisissez votre voix<\/em><\/h2>\n\n\n\n<p>Des outils Web, y compris les t\u00e9moins, peuvent \u00eatre utilis\u00e9s dans le site Web de Choisissez votre voix afin de rehausser la s\u00e9curit\u00e9 en ligne, d\u2019\u00e9valuer l\u2019efficacit\u00e9 et le succ\u00e8s de notre site Web, ainsi que de faire vivre \u00e0 nos utilisateurs une exp\u00e9rience en ligne plus personnalis\u00e9e. Les t\u00e9moins sont une s\u00e9rie de donn\u00e9es transmises entre un serveur et un navigateur Web pour faciliter l\u2019utilisation d\u2019un site Web et aider \u00e0 comprendre la fa\u00e7on dont il est utilis\u00e9. Les t\u00e9moins ne servent pas \u00e0 extraire des donn\u00e9es de votre disque dur, ni \u00e0 ex\u00e9cuter un programme sur votre ordinateur.<\/p>\n\n\n\n<h2 class=\"wp-block-heading\">COMMENT Choisissez votre voix UTILISE LES OUTILS WEB :<\/h2>\n\n\n\n<h3 class=\"wp-block-heading\">1 S\u00e9curit\u00e9<\/h3>\n\n\n\n<p>Choisissez votre voix peut utiliser des t\u00e9moins dans le but d\u2019\u00e9valuer l\u2019utilisation et la fonctionnalit\u00e9 du site Web. Par exemple, le site Web peut tenir le suivi du nombre de fois o\u00f9 un lien est cliqu\u00e9, ou du succ\u00e8s d\u2019un outil en ligne. Les informations recueillies \u00e0 l\u2019aide de t\u00e9moins sont utilis\u00e9es pour \u00e9valuer la performance et la fonctionnalit\u00e9 du site. Ces informations peuvent inclure les pages visit\u00e9es, le type de navigateur utilis\u00e9, le niveau de cryptage pris en charge par votre navigateur, votre adresse de protocole Internet (adresse IP) ainsi que le site Web qui vous a dirig\u00e9 vers le site de Choisissez votre voix.<\/p>\n\n\n\n<h3 class=\"wp-block-heading\">2 \u00c9valuez le site Web<\/h3>\n\n\n\n<p>Choisissez votre voix peut utiliser des t\u00e9moins dans le but d\u2019\u00e9valuer l&rsquo;utilisation et la fonctionnalit\u00e9 du site Web. Par exemple, le site Web peut tenir le suivi du nombre de fois o\u00f9 un lien est cliqu\u00e9, ou du succ\u00e8s d&rsquo;un outil en ligne. Les informations recueillies \u00e0 l&rsquo;aide de t\u00e9moins sont utilis\u00e9es pour \u00e9valuer la performance et la fonctionnalit\u00e9 du site. Ces informations peuvent inclure les pages visit\u00e9es, le type de navigateur utilis\u00e9, le niveau de cryptage pris en charge par votre navigateur, votre adresse de protocole Internet (adresse IP) ainsi que le site Web qui vous a dirig\u00e9 vers le site de Choisissez votre voix.<\/p>\n\n\n\n<h3 class=\"wp-block-heading\">3 Exp\u00e9rience en ligne personnalis\u00e9e<\/h3>\n\n\n\n<p>Choisissez votre voix peut \u00e9galement utiliser des t\u00e9moins pour recueillir des renseignements sur les activit\u00e9s et les pr\u00e9f\u00e9rences en ligne. Les exemples incluent les pages Web visit\u00e9es, la dur\u00e9e des visites et les t\u00e9l\u00e9chargements r\u00e9ussis. Cette information peut \u00eatre utilis\u00e9e conjointement avec d&rsquo;autres renseignements pour :<\/p>\n\n\n\n<ol class=\"wp-block-list\"><li>Nous aider \u00e0 mieux comprendre les int\u00e9r\u00eats et les besoins des utilisateurs<\/li><li>Faire vivre aux utilisateurs une exp\u00e9rience en ligne personnalis\u00e9e<\/li><li>Pr\u00e9senter de nouveaux outils et fonctions pour le site Web<\/li><\/ol>\n\n\n\n<h3 class=\"wp-block-heading\">ACCEPTATION DES T\u00c9MOINS<\/h3>\n\n\n\n<p>Les t\u00e9moins sont une technologie couramment utilis\u00e9e, et de nombreux navigateurs Web les acceptent automatiquement par d\u00e9faut. Vous pouvez configurer votre navigateur Web pour qu&rsquo;il vous informe avant la cr\u00e9ation d&rsquo;un t\u00e9moin, vous offrant ainsi la possibilit\u00e9 de l&rsquo;accepter ou de le refuser. Si vous d\u00e9cidez de ne plus recevoir de t\u00e9moins, reportez-vous \u00e0 l&rsquo;aide en ligne de votre navigateur pour obtenir les instructions n\u00e9cessaires et des informations sur l&rsquo;\u00e9tablissement des pr\u00e9f\u00e9rences relatives aux t\u00e9moins. Vous pouvez \u00e9galement configurer votre navigateur pour qu&rsquo;il refuse imm\u00e9diatement les t\u00e9moins. Si vous s\u00e9lectionnez cette option, vous pouvez continuer \u00e0 naviguer dans le site de Choisissez votre voix; cependant, rappelez-vous que certaines de ses caract\u00e9ristiques peuvent ne pas fonctionner correctement sans les t\u00e9moins.<\/p>\n","protected":false},"excerpt":{"rendered":"<p>POLITIQUE DE CONFIDENTIALIT\u00c9 EN LIGNE ET MOBILE L\u2019UTILISATION DES OUTILS INTERNET SUR LE SITE WEB DE Choisissez votre voix Des outils Web, y compris les t\u00e9moins, peuvent \u00eatre utilis\u00e9s dans le site Web de Choisissez votre voix afin de rehausser la s\u00e9curit\u00e9 en ligne, d\u2019\u00e9valuer l\u2019efficacit\u00e9 et le succ\u00e8s de notre site Web, ainsi que [&hellip;]<\/p>\n","protected":false},"author":1,"featured_media":0,"parent":0,"menu_order":3,"comment_status":"closed","ping_status":"closed","template":"","meta":{"_acf_changed":false,"inline_featured_image":false,"_kad_blocks_custom_css":"","_kad_blocks_head_custom_js":"","_kad_blocks_body_custom_js":"","_kad_blocks_footer_custom_js":"","footnotes":""},"class_list":["post-439","page","type-page","status-publish","hentry"],"acf":[],"yoast_head":"<title>Politique de confidentialit\u00e9 - Choose Your Voice<\/title>\n<meta name=\"robots\" content=\"index, follow, max-snippet:-1, max-image-preview:large, max-video-preview:-1\" \/>\n<link rel=\"canonical\" href=\"https:\/\/www.chooseyourvoice.ca\/fr\/politique-de-confidentialite\/\" \/>\n<meta property=\"og:locale\" content=\"fr_FR\" \/>\n<meta property=\"og:type\" content=\"article\" \/>\n<meta property=\"og:title\" content=\"Politique de confidentialit\u00e9 - Choose Your Voice\" \/>\n<meta property=\"og:description\" content=\"POLITIQUE DE CONFIDENTIALIT\u00c9 EN LIGNE ET MOBILE L\u2019UTILISATION DES OUTILS INTERNET SUR LE SITE WEB DE Choisissez votre voix Des outils Web, y compris les t\u00e9moins, peuvent \u00eatre utilis\u00e9s dans le site Web de Choisissez votre voix afin de rehausser la s\u00e9curit\u00e9 en ligne, d\u2019\u00e9valuer l\u2019efficacit\u00e9 et le succ\u00e8s de notre site Web, ainsi que [&hellip;]\" \/>\n<meta property=\"og:url\" content=\"https:\/\/www.chooseyourvoice.ca\/fr\/politique-de-confidentialite\/\" \/>\n<meta property=\"og:site_name\" content=\"Choose Your Voice\" \/>\n<meta property=\"article:modified_time\" content=\"2021-05-13T17:51:12+00:00\" \/>\n<meta name=\"twitter:card\" content=\"summary_large_image\" \/>\n<meta name=\"twitter:label1\" content=\"Dur\u00e9e de lecture estim\u00e9e\" \/>\n\t<meta name=\"twitter:data1\" content=\"3 minutes\" \/>\n<script type=\"application\/ld+json\" class=\"yoast-schema-graph\">{\"@context\":\"https:\/\/schema.org\",\"@graph\":[{\"@type\":\"WebPage\",\"@id\":\"https:\/\/www.chooseyourvoice.ca\/fr\/politique-de-confidentialite\/\",\"url\":\"https:\/\/www.chooseyourvoice.ca\/fr\/politique-de-confidentialite\/\",\"name\":\"Politique de confidentialit\u00e9 - Choose Your Voice\",\"isPartOf\":{\"@id\":\"https:\/\/www.chooseyourvoice.ca\/#website\"},\"datePublished\":\"2017-03-10T18:37:03+00:00\",\"dateModified\":\"2021-05-13T17:51:12+00:00\",\"breadcrumb\":{\"@id\":\"https:\/\/www.chooseyourvoice.ca\/fr\/politique-de-confidentialite\/#breadcrumb\"},\"inLanguage\":\"fr-FR\",\"potentialAction\":[{\"@type\":\"ReadAction\",\"target\":[\"https:\/\/www.chooseyourvoice.ca\/fr\/politique-de-confidentialite\/\"]}]},{\"@type\":\"BreadcrumbList\",\"@id\":\"https:\/\/www.chooseyourvoice.ca\/fr\/politique-de-confidentialite\/#breadcrumb\",\"itemListElement\":[{\"@type\":\"ListItem\",\"position\":1,\"name\":\"Home\",\"item\":\"https:\/\/www.chooseyourvoice.ca\/fr\/\"},{\"@type\":\"ListItem\",\"position\":2,\"name\":\"Politique de confidentialit\u00e9\"}]},{\"@type\":\"WebSite\",\"@id\":\"https:\/\/www.chooseyourvoice.ca\/#website\",\"url\":\"https:\/\/www.chooseyourvoice.ca\/\",\"name\":\"Choose Your Voice\",\"description\":\"Fighting Antisemitism Together\",\"potentialAction\":[{\"@type\":\"SearchAction\",\"target\":{\"@type\":\"EntryPoint\",\"urlTemplate\":\"https:\/\/www.chooseyourvoice.ca\/?s={search_term_string}\"},\"query-input\":{\"@type\":\"PropertyValueSpecification\",\"valueRequired\":true,\"valueName\":\"search_term_string\"}}],\"inLanguage\":\"fr-FR\"}]}<\/script>","yoast_head_json":{"title":"Politique de confidentialit\u00e9 - Choose Your Voice","robots":{"index":"index","follow":"follow","max-snippet":"max-snippet:-1","max-image-preview":"max-image-preview:large","max-video-preview":"max-video-preview:-1"},"canonical":"https:\/\/www.chooseyourvoice.ca\/fr\/politique-de-confidentialite\/","og_locale":"fr_FR","og_type":"article","og_title":"Politique de confidentialit\u00e9 - Choose Your Voice","og_description":"POLITIQUE DE CONFIDENTIALIT\u00c9 EN LIGNE ET MOBILE L\u2019UTILISATION DES OUTILS INTERNET SUR LE SITE WEB DE Choisissez votre voix Des outils Web, y compris les t\u00e9moins, peuvent \u00eatre utilis\u00e9s dans le site Web de Choisissez votre voix afin de rehausser la s\u00e9curit\u00e9 en ligne, d\u2019\u00e9valuer l\u2019efficacit\u00e9 et le succ\u00e8s de notre site Web, ainsi que [&hellip;]","og_url":"https:\/\/www.chooseyourvoice.ca\/fr\/politique-de-confidentialite\/","og_site_name":"Choose Your Voice","article_modified_time":"2021-05-13T17:51:12+00:00","twitter_card":"summary_large_image","twitter_misc":{"Dur\u00e9e de lecture estim\u00e9e":"3 minutes"},"schema":{"@context":"https:\/\/schema.org","@graph":[{"@type":"WebPage","@id":"https:\/\/www.chooseyourvoice.ca\/fr\/politique-de-confidentialite\/","url":"https:\/\/www.chooseyourvoice.ca\/fr\/politique-de-confidentialite\/","name":"Politique de confidentialit\u00e9 - Choose Your Voice","isPartOf":{"@id":"https:\/\/www.chooseyourvoice.ca\/#website"},"datePublished":"2017-03-10T18:37:03+00:00","dateModified":"2021-05-13T17:51:12+00:00","breadcrumb":{"@id":"https:\/\/www.chooseyourvoice.ca\/fr\/politique-de-confidentialite\/#breadcrumb"},"inLanguage":"fr-FR","potentialAction":[{"@type":"ReadAction","target":["https:\/\/www.chooseyourvoice.ca\/fr\/politique-de-confidentialite\/"]}]},{"@type":"BreadcrumbList","@id":"https:\/\/www.chooseyourvoice.ca\/fr\/politique-de-confidentialite\/#breadcrumb","itemListElement":[{"@type":"ListItem","position":1,"name":"Home","item":"https:\/\/www.chooseyourvoice.ca\/fr\/"},{"@type":"ListItem","position":2,"name":"Politique de confidentialit\u00e9"}]},{"@type":"WebSite","@id":"https:\/\/www.chooseyourvoice.ca\/#website","url":"https:\/\/www.chooseyourvoice.ca\/","name":"Choose Your Voice","description":"Fighting Antisemitism Together","potentialAction":[{"@type":"SearchAction","target":{"@type":"EntryPoint","urlTemplate":"https:\/\/www.chooseyourvoice.ca\/?s={search_term_string}"},"query-input":{"@type":"PropertyValueSpecification","valueRequired":true,"valueName":"search_term_string"}}],"inLanguage":"fr-FR"}]}},"taxonomy_info":[],"featured_image_src_large":false,"author_info":{"display_name":"Alex Beckett","author_link":"https:\/\/www.chooseyourvoice.ca\/fr\/author\/superadmin\/"},"comment_info":0,"_links":{"self":[{"href":"https:\/\/www.chooseyourvoice.ca\/fr\/wp-json\/wp\/v2\/pages\/439","targetHints":{"allow":["GET"]}}],"collection":[{"href":"https:\/\/www.chooseyourvoice.ca\/fr\/wp-json\/wp\/v2\/pages"}],"about":[{"href":"https:\/\/www.chooseyourvoice.ca\/fr\/wp-json\/wp\/v2\/types\/page"}],"author":[{"embeddable":true,"href":"https:\/\/www.chooseyourvoice.ca\/fr\/wp-json\/wp\/v2\/users\/1"}],"replies":[{"embeddable":true,"href":"https:\/\/www.chooseyourvoice.ca\/fr\/wp-json\/wp\/v2\/comments?post=439"}],"version-history":[{"count":4,"href":"https:\/\/www.chooseyourvoice.ca\/fr\/wp-json\/wp\/v2\/pages\/439\/revisions"}],"predecessor-version":[{"id":2113,"href":"https:\/\/www.chooseyourvoice.ca\/fr\/wp-json\/wp\/v2\/pages\/439\/revisions\/2113"}],"wp:attachment":[{"href":"https:\/\/www.chooseyourvoice.ca\/fr\/wp-json\/wp\/v2\/media?parent=439"}],"curies":[{"name":"wp","href":"https:\/\/api.w.org\/{rel}","templated":true}]}}