{"id":436,"date":"2017-03-10T13:36:48","date_gmt":"2017-03-10T18:36:48","guid":{"rendered":"http:\/\/www.chooseyourvoice.ca\/?page_id=436\/"},"modified":"2021-05-13T13:59:58","modified_gmt":"2021-05-13T17:59:58","slug":"mon-profil","status":"publish","type":"page","link":"https:\/\/www.chooseyourvoice.ca\/fr\/mon-profil\/","title":{"rendered":"Mon profil"},"content":{"rendered":"<style>#kt-layout-id_627c74-55{margin-bottom:30px;}#kt-layout-id_627c74-55 > .kt-row-column-wrap{align-content:start;}:where(#kt-layout-id_627c74-55 > .kt-row-column-wrap) > .wp-block-kadence-column{justify-content:start;}#kt-layout-id_627c74-55 > .kt-row-column-wrap{column-gap:var(--global-kb-gap-md, 2rem);row-gap:var(--global-kb-gap-md, 2rem);padding-top:var( --global-kb-row-default-top, 25px );padding-bottom:var( --global-kb-row-default-bottom, 25px );padding-top:0px;padding-bottom:0px;grid-template-columns:minmax(0, 2fr) minmax(0, 1fr);}#kt-layout-id_627c74-55 > .kt-row-layout-overlay{opacity:0.30;}@media all and (max-width: 1024px){#kt-layout-id_627c74-55 > .kt-row-column-wrap{grid-template-columns:minmax(0, 2fr) minmax(0, 1fr);}}@media all and (max-width: 767px){#kt-layout-id_627c74-55 > .kt-row-column-wrap{grid-template-columns:minmax(0, 1fr);}}<\/style>\n<div class=\"wp-block-kadence-rowlayout alignnone\"><div id=\"kt-layout-id_627c74-55\" class=\"kt-row-layout-inner kt-layout-id_627c74-55\"><div class=\"kt-row-column-wrap kt-has-2-columns kt-gutter-default kt-v-gutter-default kt-row-valign-top kt-row-layout-left-golden kt-tab-layout-inherit kt-m-colapse-left-to-right kt-mobile-layout-row kt-inner-column-height-full\"><style>.kadence-column_44509f-91 > .kt-inside-inner-col{padding-top:20px;padding-bottom:20px;padding-left:20px;padding-right:20px;}.kadence-column_44509f-91 > .kt-inside-inner-col{border-top-width:0px;border-right-width:0px;border-bottom-width:0px;border-left-width:0px;}.kadence-column_44509f-91 > .kt-inside-inner-col,.kadence-column_44509f-91 > .kt-inside-inner-col:before{border-top-left-radius:5px;border-top-right-radius:5px;border-bottom-right-radius:5px;border-bottom-left-radius:5px;}.kadence-column_44509f-91 > .kt-inside-inner-col{column-gap:var(--global-kb-gap-sm, 1rem);}.kadence-column_44509f-91 > .kt-inside-inner-col{flex-direction:column;}.kadence-column_44509f-91 > .kt-inside-inner-col > .aligncenter{width:100%;}.kadence-column_44509f-91 > .kt-inside-inner-col{background-color:#ffffff;}.kadence-column_44509f-91 > .kt-inside-inner-col:before{opacity:0.3;}.kadence-column_44509f-91{position:relative;}@media all and (max-width: 1024px){.kadence-column_44509f-91 > .kt-inside-inner-col{flex-direction:column;justify-content:center;}}@media all and (max-width: 767px){.kadence-column_44509f-91 > .kt-inside-inner-col{flex-direction:column;justify-content:center;}}<\/style>\n<div class=\"wp-block-kadence-column inner-column-1 kadence-column_44509f-91\"><div class=\"kt-inside-inner-col\" style=\"background:rgba(255, 255, 255, 1)\">\n<h1 class=\"wp-block-heading\">Mon profil<\/h1>\n\n\nA\u00efe ! Vous devez \u00eatre connect\u00e9 pour utiliser ce formulaire.<\/div><\/div>\n\n\n<style>.kadence-column_9e0b4b-94 > .kt-inside-inner-col{border-top-width:0px;border-right-width:0px;border-bottom-width:0px;border-left-width:0px;}.kadence-column_9e0b4b-94 > .kt-inside-inner-col,.kadence-column_9e0b4b-94 > .kt-inside-inner-col:before{border-top-left-radius:0px;border-top-right-radius:0px;border-bottom-right-radius:0px;border-bottom-left-radius:0px;}.kadence-column_9e0b4b-94 > .kt-inside-inner-col{column-gap:var(--global-kb-gap-sm, 1rem);}.kadence-column_9e0b4b-94 > .kt-inside-inner-col{flex-direction:column;}.kadence-column_9e0b4b-94 > .kt-inside-inner-col > .aligncenter{width:100%;}.kadence-column_9e0b4b-94 > .kt-inside-inner-col:before{opacity:0.3;}.kadence-column_9e0b4b-94{position:relative;}@media all and (max-width: 1024px){.kadence-column_9e0b4b-94 > .kt-inside-inner-col{flex-direction:column;justify-content:center;}}@media all and (max-width: 767px){.kadence-column_9e0b4b-94 > .kt-inside-inner-col{flex-direction:column;justify-content:center;}}<\/style>\n<div class=\"wp-block-kadence-column inner-column-2 kadence-column_9e0b4b-94\"><div class=\"kt-inside-inner-col\"><\/div><\/div>\n<\/div><\/div><\/div>\n","protected":false},"excerpt":{"rendered":"<p>Mon profil<\/p>\n","protected":false},"author":1,"featured_media":0,"parent":0,"menu_order":10,"comment_status":"closed","ping_status":"closed","template":"","meta":{"_acf_changed":false,"inline_featured_image":false,"_kad_blocks_custom_css":"","_kad_blocks_head_custom_js":"","_kad_blocks_body_custom_js":"","_kad_blocks_footer_custom_js":"","footnotes":""},"class_list":["post-436","page","type-page","status-publish","hentry"],"acf":[],"yoast_head":"<title>Mon profil - Choose Your Voice<\/title>\n<meta name=\"robots\" content=\"index, follow, max-snippet:-1, max-image-preview:large, max-video-preview:-1\" \/>\n<link rel=\"canonical\" href=\"https:\/\/www.chooseyourvoice.ca\/fr\/mon-profil\/\" \/>\n<meta property=\"og:locale\" content=\"fr_FR\" \/>\n<meta property=\"og:type\" content=\"article\" \/>\n<meta property=\"og:title\" content=\"Mon profil - Choose Your Voice\" \/>\n<meta property=\"og:description\" content=\"Mon profil\" \/>\n<meta property=\"og:url\" content=\"https:\/\/www.chooseyourvoice.ca\/fr\/mon-profil\/\" \/>\n<meta property=\"og:site_name\" content=\"Choose Your Voice\" \/>\n<meta property=\"article:modified_time\" content=\"2021-05-13T17:59:58+00:00\" \/>\n<meta name=\"twitter:card\" content=\"summary_large_image\" \/>\n<meta name=\"twitter:label1\" content=\"Dur\u00e9e de lecture estim\u00e9e\" \/>\n\t<meta name=\"twitter:data1\" content=\"1 minute\" \/>\n<script type=\"application\/ld+json\" class=\"yoast-schema-graph\">{\"@context\":\"https:\/\/schema.org\",\"@graph\":[{\"@type\":\"WebPage\",\"@id\":\"https:\/\/www.chooseyourvoice.ca\/fr\/mon-profil\/\",\"url\":\"https:\/\/www.chooseyourvoice.ca\/fr\/mon-profil\/\",\"name\":\"Mon profil - Choose Your Voice\",\"isPartOf\":{\"@id\":\"https:\/\/www.chooseyourvoice.ca\/#website\"},\"datePublished\":\"2017-03-10T18:36:48+00:00\",\"dateModified\":\"2021-05-13T17:59:58+00:00\",\"breadcrumb\":{\"@id\":\"https:\/\/www.chooseyourvoice.ca\/fr\/mon-profil\/#breadcrumb\"},\"inLanguage\":\"fr-FR\",\"potentialAction\":[{\"@type\":\"ReadAction\",\"target\":[\"https:\/\/www.chooseyourvoice.ca\/fr\/mon-profil\/\"]}]},{\"@type\":\"BreadcrumbList\",\"@id\":\"https:\/\/www.chooseyourvoice.ca\/fr\/mon-profil\/#breadcrumb\",\"itemListElement\":[{\"@type\":\"ListItem\",\"position\":1,\"name\":\"Home\",\"item\":\"https:\/\/www.chooseyourvoice.ca\/fr\/\"},{\"@type\":\"ListItem\",\"position\":2,\"name\":\"Mon profil\"}]},{\"@type\":\"WebSite\",\"@id\":\"https:\/\/www.chooseyourvoice.ca\/#website\",\"url\":\"https:\/\/www.chooseyourvoice.ca\/\",\"name\":\"Choose Your Voice\",\"description\":\"Fighting Antisemitism Together\",\"potentialAction\":[{\"@type\":\"SearchAction\",\"target\":{\"@type\":\"EntryPoint\",\"urlTemplate\":\"https:\/\/www.chooseyourvoice.ca\/?s={search_term_string}\"},\"query-input\":{\"@type\":\"PropertyValueSpecification\",\"valueRequired\":true,\"valueName\":\"search_term_string\"}}],\"inLanguage\":\"fr-FR\"}]}<\/script>","yoast_head_json":{"title":"Mon profil - Choose Your Voice","robots":{"index":"index","follow":"follow","max-snippet":"max-snippet:-1","max-image-preview":"max-image-preview:large","max-video-preview":"max-video-preview:-1"},"canonical":"https:\/\/www.chooseyourvoice.ca\/fr\/mon-profil\/","og_locale":"fr_FR","og_type":"article","og_title":"Mon profil - Choose Your Voice","og_description":"Mon profil","og_url":"https:\/\/www.chooseyourvoice.ca\/fr\/mon-profil\/","og_site_name":"Choose Your Voice","article_modified_time":"2021-05-13T17:59:58+00:00","twitter_card":"summary_large_image","twitter_misc":{"Dur\u00e9e de lecture estim\u00e9e":"1 minute"},"schema":{"@context":"https:\/\/schema.org","@graph":[{"@type":"WebPage","@id":"https:\/\/www.chooseyourvoice.ca\/fr\/mon-profil\/","url":"https:\/\/www.chooseyourvoice.ca\/fr\/mon-profil\/","name":"Mon profil - Choose Your Voice","isPartOf":{"@id":"https:\/\/www.chooseyourvoice.ca\/#website"},"datePublished":"2017-03-10T18:36:48+00:00","dateModified":"2021-05-13T17:59:58+00:00","breadcrumb":{"@id":"https:\/\/www.chooseyourvoice.ca\/fr\/mon-profil\/#breadcrumb"},"inLanguage":"fr-FR","potentialAction":[{"@type":"ReadAction","target":["https:\/\/www.chooseyourvoice.ca\/fr\/mon-profil\/"]}]},{"@type":"BreadcrumbList","@id":"https:\/\/www.chooseyourvoice.ca\/fr\/mon-profil\/#breadcrumb","itemListElement":[{"@type":"ListItem","position":1,"name":"Home","item":"https:\/\/www.chooseyourvoice.ca\/fr\/"},{"@type":"ListItem","position":2,"name":"Mon profil"}]},{"@type":"WebSite","@id":"https:\/\/www.chooseyourvoice.ca\/#website","url":"https:\/\/www.chooseyourvoice.ca\/","name":"Choose Your Voice","description":"Fighting Antisemitism Together","potentialAction":[{"@type":"SearchAction","target":{"@type":"EntryPoint","urlTemplate":"https:\/\/www.chooseyourvoice.ca\/?s={search_term_string}"},"query-input":{"@type":"PropertyValueSpecification","valueRequired":true,"valueName":"search_term_string"}}],"inLanguage":"fr-FR"}]}},"taxonomy_info":[],"featured_image_src_large":false,"author_info":{"display_name":"Alex Beckett","author_link":"https:\/\/www.chooseyourvoice.ca\/fr\/author\/superadmin\/"},"comment_info":0,"_links":{"self":[{"href":"https:\/\/www.chooseyourvoice.ca\/fr\/wp-json\/wp\/v2\/pages\/436","targetHints":{"allow":["GET"]}}],"collection":[{"href":"https:\/\/www.chooseyourvoice.ca\/fr\/wp-json\/wp\/v2\/pages"}],"about":[{"href":"https:\/\/www.chooseyourvoice.ca\/fr\/wp-json\/wp\/v2\/types\/page"}],"author":[{"embeddable":true,"href":"https:\/\/www.chooseyourvoice.ca\/fr\/wp-json\/wp\/v2\/users\/1"}],"replies":[{"embeddable":true,"href":"https:\/\/www.chooseyourvoice.ca\/fr\/wp-json\/wp\/v2\/comments?post=436"}],"version-history":[{"count":7,"href":"https:\/\/www.chooseyourvoice.ca\/fr\/wp-json\/wp\/v2\/pages\/436\/revisions"}],"predecessor-version":[{"id":2124,"href":"https:\/\/www.chooseyourvoice.ca\/fr\/wp-json\/wp\/v2\/pages\/436\/revisions\/2124"}],"wp:attachment":[{"href":"https:\/\/www.chooseyourvoice.ca\/fr\/wp-json\/wp\/v2\/media?parent=436"}],"curies":[{"name":"wp","href":"https:\/\/api.w.org\/{rel}","templated":true}]}}