{"id":428,"date":"2017-03-10T13:33:56","date_gmt":"2017-03-10T18:33:56","guid":{"rendered":"http:\/\/www.chooseyourvoice.ca\/?page_id=428\/"},"modified":"2023-09-28T12:40:09","modified_gmt":"2023-09-28T16:40:09","slug":"ressources-supplementaires","status":"publish","type":"page","link":"https:\/\/www.chooseyourvoice.ca\/fr\/ressources-supplementaires\/","title":{"rendered":"Ressources suppl\u00e9mentaires"},"content":{"rendered":"<style>.kb-row-layout-id_7585b5-42 > .kt-row-column-wrap{align-content:center;}:where(.kb-row-layout-id_7585b5-42 > .kt-row-column-wrap) > .wp-block-kadence-column{justify-content:center;}.kb-row-layout-id_7585b5-42 > .kt-row-column-wrap{column-gap:var(--global-kb-gap-md, 2rem);row-gap:var(--global-kb-gap-md, 2rem);padding-top:0px;padding-bottom:0px;min-height:200px;grid-template-columns:minmax(0, 1fr);}.kb-row-layout-id_7585b5-42{border-top-left-radius:5px;border-top-right-radius:5px;border-bottom-right-radius:5px;border-bottom-left-radius:5px;overflow:clip;isolation:isolate;}.kb-row-layout-id_7585b5-42 > .kt-row-layout-overlay{border-top-left-radius:5px;border-top-right-radius:5px;border-bottom-right-radius:5px;border-bottom-left-radius:5px;}.kb-row-layout-id_7585b5-42{background-image:url('https:\/\/www.chooseyourvoice.ca\/wp-cyv\/wp-content\/uploads\/2017\/02\/img-banner-additional-resources.jpg');background-size:auto;background-position:0% 0%;background-attachment:scroll;background-repeat:no-repeat;}.kb-row-layout-id_7585b5-42 > .kt-row-layout-overlay{opacity:0.30;}@media all and (max-width: 1024px){.kb-row-layout-id_7585b5-42 > .kt-row-column-wrap{grid-template-columns:minmax(0, 1fr);}}@media all and (max-width: 767px){.kb-row-layout-id_7585b5-42 > .kt-row-column-wrap{grid-template-columns:minmax(0, 1fr);}.kb-row-layout-wrap.wp-block-kadence-rowlayout.kb-row-layout-id_7585b5-42{background-image:url('https:\/\/www.chooseyourvoice.ca\/wp-cyv\/wp-content\/uploads\/2017\/02\/img-banner-additional-resources.jpg');background-size:contain;background-position:0% 0%;background-attachment:scroll;background-repeat:no-repeat;}}<\/style><div class=\"kb-row-layout-wrap kb-row-layout-id_7585b5-42 alignnone has-kb-palette-2-background-color kt-row-has-bg pagebanner wp-block-kadence-rowlayout\"><div class=\"kt-row-column-wrap kt-has-1-columns kt-row-layout-equal kt-tab-layout-inherit kt-mobile-layout-row kt-row-valign-middle kt-inner-column-height-full\">\n<style>.kadence-column_378ec1-de > .kt-inside-inner-col{padding-top:10px;padding-left:50px;}.kadence-column_378ec1-de > .kt-inside-inner-col,.kadence-column_378ec1-de > .kt-inside-inner-col:before{border-top-left-radius:0px;border-top-right-radius:0px;border-bottom-right-radius:0px;border-bottom-left-radius:0px;}.kadence-column_378ec1-de > .kt-inside-inner-col{column-gap:var(--global-kb-gap-sm, 1rem);}.kadence-column_378ec1-de > .kt-inside-inner-col{flex-direction:column;}.kadence-column_378ec1-de > .kt-inside-inner-col > .aligncenter{width:100%;}.kadence-column_378ec1-de > .kt-inside-inner-col:before{opacity:0.3;}.kadence-column_378ec1-de{position:relative;}@media all and (max-width: 1024px){.kadence-column_378ec1-de > .kt-inside-inner-col{flex-direction:column;justify-content:center;}}@media all and (max-width: 767px){.kadence-column_378ec1-de > .kt-inside-inner-col{padding-top:60px;padding-left:20px;flex-direction:column;justify-content:center;}}<\/style>\n<div class=\"wp-block-kadence-column kadence-column_378ec1-de inner-column-1\"><div class=\"kt-inside-inner-col\">\n<h1 class=\"wp-block-heading\">Ressources suppl\u00e9mentaires<\/h1>\n\n\n\n<p>Pour augmenter l\u2019apprentissage des sujets dans les unit\u00e9s <br>et la vid\u00e9o de&nbsp;<em>Choisissez votre voix<\/em>, vous pouvez diriger les <br>\u00e9l\u00e8ves vers les ressources suppl\u00e9mentaires telle que ces <br>sites Web.<\/p>\n<\/div><\/div>\n\n<\/div><\/div>\n\n\n<hr class=\"wp-block-separator is-style-wide shadow\"\/>\n\n\n\n<div class=\"wp-block-group anchor-links\"><div class=\"wp-block-group__inner-container is-layout-flow wp-block-group-is-layout-flow\"><\/div><\/div>\n\n\n<style>.kb-row-layout-wrap.wp-block-kadence-rowlayout.kb-row-layout-id_ef4dac-f9{margin-top:50px;margin-bottom:20px;}.kb-row-layout-id_ef4dac-f9 > .kt-row-column-wrap{align-content:start;}:where(.kb-row-layout-id_ef4dac-f9 > .kt-row-column-wrap) > .wp-block-kadence-column{justify-content:start;}.kb-row-layout-id_ef4dac-f9 > .kt-row-column-wrap{column-gap:var(--global-kb-gap-none, 0rem );row-gap:var(--global-kb-gap-md, 2rem);padding-top:0px;padding-bottom:0px;grid-template-columns:minmax(0, calc(25% - ((var(--global-kb-gap-none, 0rem ) * 1 )\/2)))minmax(0, calc(75% - ((var(--global-kb-gap-none, 0rem ) * 1 )\/2)));}.kb-row-layout-id_ef4dac-f9{border-bottom:1px solid #007dc3;}.kb-row-layout-id_ef4dac-f9 > .kt-row-layout-overlay{opacity:0.30;}@media all and (max-width: 1024px){.kb-row-layout-id_ef4dac-f9 > .kt-row-column-wrap{grid-template-columns:repeat(2, minmax(0, 1fr));}}@media all and (max-width: 1024px){.kb-row-layout-id_ef4dac-f9{border-bottom:1px solid #007dc3;}}@media all and (max-width: 767px){.kb-row-layout-id_ef4dac-f9 > .kt-row-column-wrap{grid-template-columns:minmax(0, 1fr);}.kb-row-layout-id_ef4dac-f9{border-bottom:1px solid #007dc3;}}<\/style><div class=\"kb-row-layout-wrap kb-row-layout-id_ef4dac-f9 alignnone wp-block-kadence-rowlayout\"><div class=\"kt-row-column-wrap kt-has-2-columns kt-row-layout-equal kt-tab-layout-inherit kt-mobile-layout-row kt-row-valign-top kt-inner-column-height-full\">\n<style>.kadence-column_147d01-8d > .kt-inside-inner-col{padding-top:10px;padding-right:20px;padding-bottom:10px;padding-left:20px;}.kadence-column_147d01-8d > .kt-inside-inner-col,.kadence-column_147d01-8d > .kt-inside-inner-col:before{border-top-left-radius:10px;border-top-right-radius:10px;border-bottom-right-radius:0px;border-bottom-left-radius:0px;}.kadence-column_147d01-8d > .kt-inside-inner-col{column-gap:var(--global-kb-gap-sm, 1rem);}.kadence-column_147d01-8d > .kt-inside-inner-col{flex-direction:column;}.kadence-column_147d01-8d > .kt-inside-inner-col > .aligncenter{width:100%;}.kadence-column_147d01-8d > .kt-inside-inner-col{background-color:#007dc3;}.kadence-column_147d01-8d > .kt-inside-inner-col:before{opacity:0.3;}.kadence-column_147d01-8d{text-align:center;}.kadence-column_147d01-8d{position:relative;}@media all and (max-width: 1024px){.kadence-column_147d01-8d > .kt-inside-inner-col{flex-direction:column;justify-content:center;}}@media all and (max-width: 767px){.kadence-column_147d01-8d > .kt-inside-inner-col{flex-direction:column;justify-content:center;}}<\/style>\n<div class=\"wp-block-kadence-column kadence-column_147d01-8d\"><div class=\"kt-inside-inner-col\"><style>.wp-block-kadence-advancedheading.kt-adv-heading_afc542-7a, .wp-block-kadence-advancedheading.kt-adv-heading_afc542-7a[data-kb-block=\"kb-adv-heading_afc542-7a\"]{margin-bottom:0px;font-size:1.5em;font-style:normal;}.wp-block-kadence-advancedheading.kt-adv-heading_afc542-7a mark.kt-highlight, .wp-block-kadence-advancedheading.kt-adv-heading_afc542-7a[data-kb-block=\"kb-adv-heading_afc542-7a\"] mark.kt-highlight{font-style:normal;color:#f76a0c;-webkit-box-decoration-break:clone;box-decoration-break:clone;padding-top:0px;padding-right:0px;padding-bottom:0px;padding-left:0px;}.wp-block-kadence-advancedheading.kt-adv-heading_afc542-7a img.kb-inline-image, .wp-block-kadence-advancedheading.kt-adv-heading_afc542-7a[data-kb-block=\"kb-adv-heading_afc542-7a\"] img.kb-inline-image{width:150px;vertical-align:baseline;}<\/style>\n<h2 id=\"sites-web\" class=\"kt-adv-heading_afc542-7a wp-block-kadence-advancedheading has-kb-palette-9-color has-text-color\" data-kb-block=\"kb-adv-heading_afc542-7a\"><strong>Sites web\/ressources<\/strong><\/h2>\n<\/div><\/div>\n\n\n<style>.kadence-column_225ee6-36 > .kt-inside-inner-col,.kadence-column_225ee6-36 > .kt-inside-inner-col:before{border-top-left-radius:0px;border-top-right-radius:0px;border-bottom-right-radius:0px;border-bottom-left-radius:0px;}.kadence-column_225ee6-36 > .kt-inside-inner-col{column-gap:var(--global-kb-gap-sm, 1rem);}.kadence-column_225ee6-36 > .kt-inside-inner-col{flex-direction:column;}.kadence-column_225ee6-36 > .kt-inside-inner-col > .aligncenter{width:100%;}.kadence-column_225ee6-36 > .kt-inside-inner-col:before{opacity:0.3;}.kadence-column_225ee6-36{position:relative;}@media all and (max-width: 1024px){.kadence-column_225ee6-36 > .kt-inside-inner-col{flex-direction:column;justify-content:center;}}@media all and (max-width: 767px){.kadence-column_225ee6-36 > .kt-inside-inner-col{flex-direction:column;justify-content:center;}}<\/style>\n<div class=\"wp-block-kadence-column kadence-column_225ee6-36 inner-column-2\"><div class=\"kt-inside-inner-col\"><\/div><\/div>\n\n<\/div><\/div>\n\n<style>.wp-block-kadence-iconlist.kt-svg-icon-list-items_35361e-08:not(.this-stops-third-party-issues){margin-top:0px;margin-bottom:0px;}.wp-block-kadence-iconlist.kt-svg-icon-list-items_35361e-08 ul.kt-svg-icon-list:not(.this-prevents-issues):not(.this-stops-third-party-issues):not(.tijsloc){margin-top:0px;margin-right:0px;margin-bottom:10px;margin-left:0px;}.wp-block-kadence-iconlist.kt-svg-icon-list-items_35361e-08 ul.kt-svg-icon-list{grid-row-gap:5px;}.wp-block-kadence-iconlist.kt-svg-icon-list-items_35361e-08 ul.kt-svg-icon-list .kt-svg-icon-list-item-wrap .kt-svg-icon-list-single{margin-right:10px;}<\/style>\n<div class=\"wp-block-kadence-iconlist kt-svg-icon-list-items kt-svg-icon-list-items_35361e-08 kt-svg-icon-list-columns-1 alignnone kt-list-icon-aligntop\"><ul class=\"kt-svg-icon-list\"><style>.kt-svg-icon-list-item-_ff8b00-9c .kt-svg-icon-list-single{font-size:20px !important;color:#c64500 !important;}.kt-svg-icon-list-item-_ff8b00-9c .kt-svg-icon-list-text mark.kt-highlight{background-color:unset;font-style:normal;color:#f76a0c;-webkit-box-decoration-break:clone;box-decoration-break:clone;padding-top:0px;padding-right:0px;padding-bottom:0px;padding-left:0px;}<\/style>\n<li class=\"wp-block-kadence-listitem kt-svg-icon-list-item-wrap kt-svg-icon-list-item-_ff8b00-9c kt-svg-icon-list-style-default\"><span class=\"kb-svg-icon-wrap kb-svg-icon-fe_chevronRight kt-svg-icon-list-single\"><svg viewBox=\"0 0 24 24\"  fill=\"none\" stroke=\"currentColor\" stroke-width=\"2\" stroke-linecap=\"round\" stroke-linejoin=\"round\" xmlns=\"http:\/\/www.w3.org\/2000\/svg\"  aria-hidden=\"true\"><polyline points=\"9 18 15 12 9 6\"\/><\/svg><\/span><span class=\"kt-svg-icon-list-text\"><a href=\"http:\/\/mhmc.ca\/\" target=\"_blank\" rel=\"noreferrer noopener\">Centre comm\u00e9moratif de l\u2019Holocauste \u00e0 Montr\u00e9al<\/a><\/span><\/li>\n\n\n<style>.kt-svg-icon-list-item-_813db9-f7 .kt-svg-icon-list-single{font-size:20px !important;color:#c64500 !important;}.kt-svg-icon-list-item-_813db9-f7 .kt-svg-icon-list-text mark.kt-highlight{background-color:unset;font-style:normal;color:#f76a0c;-webkit-box-decoration-break:clone;box-decoration-break:clone;padding-top:0px;padding-right:0px;padding-bottom:0px;padding-left:0px;}<\/style>\n<li class=\"wp-block-kadence-listitem kt-svg-icon-list-item-wrap kt-svg-icon-list-item-_813db9-f7 kt-svg-icon-list-style-default\"><span class=\"kb-svg-icon-wrap kb-svg-icon-fe_chevronRight kt-svg-icon-list-single\"><svg viewBox=\"0 0 24 24\"  fill=\"none\" stroke=\"currentColor\" stroke-width=\"2\" stroke-linecap=\"round\" stroke-linejoin=\"round\" xmlns=\"http:\/\/www.w3.org\/2000\/svg\"  aria-hidden=\"true\"><polyline points=\"9 18 15 12 9 6\"\/><\/svg><\/span><span class=\"kt-svg-icon-list-text\"><a href=\"http:\/\/habilomedias.ca\/\" target=\"_blank\" rel=\"noreferrer noopener\">HabiloM\u00e9dias<\/a><\/span><\/li>\n\n\n<style>.kt-svg-icon-list-item-_da9aa5-d1 .kt-svg-icon-list-single{font-size:20px !important;color:#c64500 !important;}.kt-svg-icon-list-item-_da9aa5-d1 .kt-svg-icon-list-text mark.kt-highlight{background-color:unset;font-style:normal;color:#f76a0c;-webkit-box-decoration-break:clone;box-decoration-break:clone;padding-top:0px;padding-right:0px;padding-bottom:0px;padding-left:0px;}<\/style>\n<li class=\"wp-block-kadence-listitem kt-svg-icon-list-item-wrap kt-svg-icon-list-item-_da9aa5-d1 kt-svg-icon-list-style-default\"><span class=\"kb-svg-icon-wrap kb-svg-icon-fe_chevronRight kt-svg-icon-list-single\"><svg viewBox=\"0 0 24 24\"  fill=\"none\" stroke=\"currentColor\" stroke-width=\"2\" stroke-linecap=\"round\" stroke-linejoin=\"round\" xmlns=\"http:\/\/www.w3.org\/2000\/svg\"  aria-hidden=\"true\"><polyline points=\"9 18 15 12 9 6\"\/><\/svg><\/span><span class=\"kt-svg-icon-list-text\"><a href=\"http:\/\/www.lenfantetlashoah.org\/\" target=\"_blank\" rel=\"noreferrer noopener\">Yad Layeled: L\u2019enfant et le Shoah<\/a><\/span><\/li>\n\n\n<style>.kt-svg-icon-list-item-_0cc508-b0 .kt-svg-icon-list-single{font-size:20px !important;color:#c64500 !important;}.kt-svg-icon-list-item-_0cc508-b0 .kt-svg-icon-list-text mark.kt-highlight{background-color:unset;font-style:normal;color:#f76a0c;-webkit-box-decoration-break:clone;box-decoration-break:clone;padding-top:0px;padding-right:0px;padding-bottom:0px;padding-left:0px;}<\/style>\n<li class=\"wp-block-kadence-listitem kt-svg-icon-list-item-wrap kt-svg-icon-list-item-_0cc508-b0 kt-svg-icon-list-style-default\"><span class=\"kb-svg-icon-wrap kb-svg-icon-fe_chevronRight kt-svg-icon-list-single\"><svg viewBox=\"0 0 24 24\"  fill=\"none\" stroke=\"currentColor\" stroke-width=\"2\" stroke-linecap=\"round\" stroke-linejoin=\"round\" xmlns=\"http:\/\/www.w3.org\/2000\/svg\"  aria-hidden=\"true\"><polyline points=\"9 18 15 12 9 6\"\/><\/svg><\/span><span class=\"kt-svg-icon-list-text\"><a href=\"http:\/\/www.ensemble-rd.com\/\" target=\"_blank\" rel=\"noreferrer noopener\">Ensemble pour le respect de la diversit\u00e9<\/a><\/span><\/li>\n\n\n<style>.kt-svg-icon-list-item-_29a0a3-ca .kt-svg-icon-list-single{font-size:20px !important;color:#c64500 !important;}.kt-svg-icon-list-item-_29a0a3-ca .kt-svg-icon-list-text mark.kt-highlight{background-color:unset;font-style:normal;color:#f76a0c;-webkit-box-decoration-break:clone;box-decoration-break:clone;padding-top:0px;padding-right:0px;padding-bottom:0px;padding-left:0px;}<\/style>\n<li class=\"wp-block-kadence-listitem kt-svg-icon-list-item-wrap kt-svg-icon-list-item-_29a0a3-ca kt-svg-icon-list-style-default\"><span class=\"kb-svg-icon-wrap kb-svg-icon-fe_chevronRight kt-svg-icon-list-single\"><svg viewBox=\"0 0 24 24\"  fill=\"none\" stroke=\"currentColor\" stroke-width=\"2\" stroke-linecap=\"round\" stroke-linejoin=\"round\" xmlns=\"http:\/\/www.w3.org\/2000\/svg\"  aria-hidden=\"true\"><polyline points=\"9 18 15 12 9 6\"\/><\/svg><\/span><span class=\"kt-svg-icon-list-text\"><a href=\"http:\/\/museeholocauste.ca\/app\/uploads\/2017\/01\/breve-histoire-holocauste.pdf\" target=\"_blank\" rel=\"noreferrer noopener\">L\u2019Histoire de l\u2019Holocauste<\/a><\/span><\/li>\n\n\n<style>.kt-svg-icon-list-item-_72885e-da .kt-svg-icon-list-single{font-size:20px !important;color:#c64500 !important;}.kt-svg-icon-list-item-_72885e-da .kt-svg-icon-list-text mark.kt-highlight{background-color:unset;font-style:normal;color:#f76a0c;-webkit-box-decoration-break:clone;box-decoration-break:clone;padding-top:0px;padding-right:0px;padding-bottom:0px;padding-left:0px;}<\/style>\n<li class=\"wp-block-kadence-listitem kt-svg-icon-list-item-wrap kt-svg-icon-list-item-_72885e-da kt-svg-icon-list-style-default\"><span class=\"kb-svg-icon-wrap kb-svg-icon-fe_chevronRight kt-svg-icon-list-single\"><svg viewBox=\"0 0 24 24\"  fill=\"none\" stroke=\"currentColor\" stroke-width=\"2\" stroke-linecap=\"round\" stroke-linejoin=\"round\" xmlns=\"http:\/\/www.w3.org\/2000\/svg\"  aria-hidden=\"true\"><polyline points=\"9 18 15 12 9 6\"\/><\/svg><\/span><span class=\"kt-svg-icon-list-text\"><a href=\"http:\/\/www.osce.org\/node\/35779\" target=\"_blank\" rel=\"noreferrer noopener\">Organisation pour la s\u00e9curit\u00e9 et la coop\u00e9ration en Europe<\/a><\/span><\/li>\n\n\n<style>.kt-svg-icon-list-item-_7605c0-a3 .kt-svg-icon-list-single{font-size:20px !important;color:#c64500 !important;}.kt-svg-icon-list-item-_7605c0-a3 .kt-svg-icon-list-text mark.kt-highlight{background-color:unset;font-style:normal;color:#f76a0c;-webkit-box-decoration-break:clone;box-decoration-break:clone;padding-top:0px;padding-right:0px;padding-bottom:0px;padding-left:0px;}<\/style>\n<li class=\"wp-block-kadence-listitem kt-svg-icon-list-item-wrap kt-svg-icon-list-item-_7605c0-a3 kt-svg-icon-list-style-default\"><span class=\"kb-svg-icon-wrap kb-svg-icon-fe_chevronRight kt-svg-icon-list-single\"><svg viewBox=\"0 0 24 24\"  fill=\"none\" stroke=\"currentColor\" stroke-width=\"2\" stroke-linecap=\"round\" stroke-linejoin=\"round\" xmlns=\"http:\/\/www.w3.org\/2000\/svg\"  aria-hidden=\"true\"><polyline points=\"9 18 15 12 9 6\"\/><\/svg><\/span><span class=\"kt-svg-icon-list-text\"><a href=\"https:\/\/droitsdelapersonne.ca\">Mus\u00e9e canadien pour les droits de la personne<\/a><\/span><\/li>\n<\/ul><\/div>\n","protected":false},"excerpt":{"rendered":"<p>Ressources suppl\u00e9mentaires Pour augmenter l\u2019apprentissage des sujets dans les unit\u00e9s et la vid\u00e9o de&nbsp;Choisissez votre voix, vous pouvez diriger les \u00e9l\u00e8ves vers les ressources suppl\u00e9mentaires telle que ces sites Web. Sites web\/ressources<\/p>\n","protected":false},"author":1,"featured_media":0,"parent":0,"menu_order":10,"comment_status":"closed","ping_status":"closed","template":"","meta":{"_acf_changed":false,"inline_featured_image":false,"_kad_blocks_custom_css":"","_kad_blocks_head_custom_js":"","_kad_blocks_body_custom_js":"","_kad_blocks_footer_custom_js":"","footnotes":""},"class_list":["post-428","page","type-page","status-publish","hentry"],"acf":[],"yoast_head":"<title>Ressources suppl\u00e9mentaires - Choose Your Voice<\/title>\n<meta name=\"robots\" content=\"index, follow, max-snippet:-1, max-image-preview:large, max-video-preview:-1\" \/>\n<link rel=\"canonical\" href=\"https:\/\/www.chooseyourvoice.ca\/fr\/ressources-supplementaires\/\" \/>\n<meta property=\"og:locale\" content=\"fr_FR\" \/>\n<meta property=\"og:type\" content=\"article\" \/>\n<meta property=\"og:title\" content=\"Ressources suppl\u00e9mentaires - Choose Your Voice\" \/>\n<meta property=\"og:description\" content=\"Ressources suppl\u00e9mentaires Pour augmenter l\u2019apprentissage des sujets dans les unit\u00e9s et la vid\u00e9o de&nbsp;Choisissez votre voix, vous pouvez diriger les \u00e9l\u00e8ves vers les ressources suppl\u00e9mentaires telle que ces sites Web. Sites web\/ressources\" \/>\n<meta property=\"og:url\" content=\"https:\/\/www.chooseyourvoice.ca\/fr\/ressources-supplementaires\/\" \/>\n<meta property=\"og:site_name\" content=\"Choose Your Voice\" \/>\n<meta property=\"article:modified_time\" content=\"2023-09-28T16:40:09+00:00\" \/>\n<meta name=\"twitter:card\" content=\"summary_large_image\" \/>\n<meta name=\"twitter:label1\" content=\"Dur\u00e9e de lecture estim\u00e9e\" \/>\n\t<meta name=\"twitter:data1\" content=\"1 minute\" \/>\n<script type=\"application\/ld+json\" class=\"yoast-schema-graph\">{\"@context\":\"https:\/\/schema.org\",\"@graph\":[{\"@type\":\"WebPage\",\"@id\":\"https:\/\/www.chooseyourvoice.ca\/fr\/ressources-supplementaires\/\",\"url\":\"https:\/\/www.chooseyourvoice.ca\/fr\/ressources-supplementaires\/\",\"name\":\"Ressources suppl\u00e9mentaires - Choose Your Voice\",\"isPartOf\":{\"@id\":\"https:\/\/www.chooseyourvoice.ca\/#website\"},\"datePublished\":\"2017-03-10T18:33:56+00:00\",\"dateModified\":\"2023-09-28T16:40:09+00:00\",\"breadcrumb\":{\"@id\":\"https:\/\/www.chooseyourvoice.ca\/fr\/ressources-supplementaires\/#breadcrumb\"},\"inLanguage\":\"fr-FR\",\"potentialAction\":[{\"@type\":\"ReadAction\",\"target\":[\"https:\/\/www.chooseyourvoice.ca\/fr\/ressources-supplementaires\/\"]}]},{\"@type\":\"BreadcrumbList\",\"@id\":\"https:\/\/www.chooseyourvoice.ca\/fr\/ressources-supplementaires\/#breadcrumb\",\"itemListElement\":[{\"@type\":\"ListItem\",\"position\":1,\"name\":\"Home\",\"item\":\"https:\/\/www.chooseyourvoice.ca\/fr\/\"},{\"@type\":\"ListItem\",\"position\":2,\"name\":\"Ressources suppl\u00e9mentaires\"}]},{\"@type\":\"WebSite\",\"@id\":\"https:\/\/www.chooseyourvoice.ca\/#website\",\"url\":\"https:\/\/www.chooseyourvoice.ca\/\",\"name\":\"Choose Your Voice\",\"description\":\"Fighting Antisemitism Together\",\"potentialAction\":[{\"@type\":\"SearchAction\",\"target\":{\"@type\":\"EntryPoint\",\"urlTemplate\":\"https:\/\/www.chooseyourvoice.ca\/?s={search_term_string}\"},\"query-input\":{\"@type\":\"PropertyValueSpecification\",\"valueRequired\":true,\"valueName\":\"search_term_string\"}}],\"inLanguage\":\"fr-FR\"}]}<\/script>","yoast_head_json":{"title":"Ressources suppl\u00e9mentaires - Choose Your Voice","robots":{"index":"index","follow":"follow","max-snippet":"max-snippet:-1","max-image-preview":"max-image-preview:large","max-video-preview":"max-video-preview:-1"},"canonical":"https:\/\/www.chooseyourvoice.ca\/fr\/ressources-supplementaires\/","og_locale":"fr_FR","og_type":"article","og_title":"Ressources suppl\u00e9mentaires - Choose Your Voice","og_description":"Ressources suppl\u00e9mentaires Pour augmenter l\u2019apprentissage des sujets dans les unit\u00e9s et la vid\u00e9o de&nbsp;Choisissez votre voix, vous pouvez diriger les \u00e9l\u00e8ves vers les ressources suppl\u00e9mentaires telle que ces sites Web. Sites web\/ressources","og_url":"https:\/\/www.chooseyourvoice.ca\/fr\/ressources-supplementaires\/","og_site_name":"Choose Your Voice","article_modified_time":"2023-09-28T16:40:09+00:00","twitter_card":"summary_large_image","twitter_misc":{"Dur\u00e9e de lecture estim\u00e9e":"1 minute"},"schema":{"@context":"https:\/\/schema.org","@graph":[{"@type":"WebPage","@id":"https:\/\/www.chooseyourvoice.ca\/fr\/ressources-supplementaires\/","url":"https:\/\/www.chooseyourvoice.ca\/fr\/ressources-supplementaires\/","name":"Ressources suppl\u00e9mentaires - Choose Your Voice","isPartOf":{"@id":"https:\/\/www.chooseyourvoice.ca\/#website"},"datePublished":"2017-03-10T18:33:56+00:00","dateModified":"2023-09-28T16:40:09+00:00","breadcrumb":{"@id":"https:\/\/www.chooseyourvoice.ca\/fr\/ressources-supplementaires\/#breadcrumb"},"inLanguage":"fr-FR","potentialAction":[{"@type":"ReadAction","target":["https:\/\/www.chooseyourvoice.ca\/fr\/ressources-supplementaires\/"]}]},{"@type":"BreadcrumbList","@id":"https:\/\/www.chooseyourvoice.ca\/fr\/ressources-supplementaires\/#breadcrumb","itemListElement":[{"@type":"ListItem","position":1,"name":"Home","item":"https:\/\/www.chooseyourvoice.ca\/fr\/"},{"@type":"ListItem","position":2,"name":"Ressources suppl\u00e9mentaires"}]},{"@type":"WebSite","@id":"https:\/\/www.chooseyourvoice.ca\/#website","url":"https:\/\/www.chooseyourvoice.ca\/","name":"Choose Your Voice","description":"Fighting Antisemitism Together","potentialAction":[{"@type":"SearchAction","target":{"@type":"EntryPoint","urlTemplate":"https:\/\/www.chooseyourvoice.ca\/?s={search_term_string}"},"query-input":{"@type":"PropertyValueSpecification","valueRequired":true,"valueName":"search_term_string"}}],"inLanguage":"fr-FR"}]}},"taxonomy_info":[],"featured_image_src_large":false,"author_info":{"display_name":"Alex Beckett","author_link":"https:\/\/www.chooseyourvoice.ca\/fr\/author\/superadmin\/"},"comment_info":0,"_links":{"self":[{"href":"https:\/\/www.chooseyourvoice.ca\/fr\/wp-json\/wp\/v2\/pages\/428","targetHints":{"allow":["GET"]}}],"collection":[{"href":"https:\/\/www.chooseyourvoice.ca\/fr\/wp-json\/wp\/v2\/pages"}],"about":[{"href":"https:\/\/www.chooseyourvoice.ca\/fr\/wp-json\/wp\/v2\/types\/page"}],"author":[{"embeddable":true,"href":"https:\/\/www.chooseyourvoice.ca\/fr\/wp-json\/wp\/v2\/users\/1"}],"replies":[{"embeddable":true,"href":"https:\/\/www.chooseyourvoice.ca\/fr\/wp-json\/wp\/v2\/comments?post=428"}],"version-history":[{"count":16,"href":"https:\/\/www.chooseyourvoice.ca\/fr\/wp-json\/wp\/v2\/pages\/428\/revisions"}],"predecessor-version":[{"id":2554,"href":"https:\/\/www.chooseyourvoice.ca\/fr\/wp-json\/wp\/v2\/pages\/428\/revisions\/2554"}],"wp:attachment":[{"href":"https:\/\/www.chooseyourvoice.ca\/fr\/wp-json\/wp\/v2\/media?parent=428"}],"curies":[{"name":"wp","href":"https:\/\/api.w.org\/{rel}","templated":true}]}}